{"id":37,"date":"2019-09-28T17:44:17","date_gmt":"2019-09-28T17:44:17","guid":{"rendered":"http:\/\/test.mag-art.pl\/?page_id=37"},"modified":"2024-05-08T13:24:41","modified_gmt":"2024-05-08T11:24:41","slug":"o-mnie","status":"publish","type":"page","link":"https:\/\/mag-art.pl\/index.php\/o-mnie\/","title":{"rendered":"O mnie"},"content":{"rendered":"\n<h2 class=\"wp-block-heading\">R\u0119kodzie\u0142o czyli mi\u0142o\u015b\u0107 do przedmiot\u00f3w stworzonych z pasji.<\/h2>\n\n\n\n<p>Tworzenie z drewna i szk\u0142a to dla mnie nie tylko praca, ale prawdziwa pasja, kt\u00f3ra bije mocno w moim sercu. Nie potrafi\u0119 bowiem siedzie\u0107 bezczynnie z za\u0142o\u017conymi r\u0119koma, a moja przygoda z r\u0119kodzie\u0142em rozpocz\u0119\u0142a si\u0119 w\u0142a\u015bnie w chwili, gdy utraci\u0142am swoj\u0105 dotychczasow\u0105 prac\u0119.<\/p>\n\n\n\n<p>P\u00f3\u017aniej otrzyma\u0142am od m\u0119\u017ca prezent &#8211; mini szlifierk\u0119, kt\u00f3ra okaza\u0142a si\u0119 niezwykle przydatna do pracy z drewnem. Jednak\u017ce szybko odkry\u0142am, \u017ce to narz\u0119dzie doskonale sprawdza si\u0119 r\u00f3wnie\u017c do grawerowania w szkle. Tak wi\u0119c narodzi\u0142a si\u0119 druga, r\u00f3wnie ukochana dziedzina, kt\u00f3ra teraz r\u00f3wnie\u017c znajduje zastosowanie w mojej pracowni.<\/p>\n\n\n\n<p><strong>PIROGRAFIA i GRAWEROWANIE SZK\u0141A <\/strong><\/p>\n\n\n\n<p>To, co uwielbiam robi\u0107, staram si\u0119 odda\u0107 w moich pracach, kt\u00f3re powstaj\u0105 z pasji i mi\u0142o\u015bci. W ka\u017cdym przedmiocie, kt\u00f3ry tworz\u0119, znajdziecie cz\u0119\u015b\u0107 mojej duszy.<\/p>\n\n\n\n<p>Oferuj\u0119 drugie \u017cycie przedmiotom, kt\u00f3re cz\u0119sto uwa\u017camy za zb\u0119dne. Stary wazon od babci mo\u017ce zyska\u0107 nowe \u017cycie, i nikt nie domy\u015bli si\u0119, \u017ce to ten nudny przedmiot sprzed lat. W dzisiejszych czasach cz\u0119sto m\u0142odzi ludzie, zamiast kwiat\u00f3w, \u017cycz\u0105 sobie butelki wina. Gwarantuj\u0119, \u017ce wino, kt\u00f3re otrzymaj\u0105 po wizycie w mojej pracowni, b\u0119dzie jedyne w swoim rodzaju.<\/p>\n\n\n\n<p>Prezenty, kt\u00f3re oferuj\u0119, &#8222;maj\u0105 dusz\u0119&#8221; &#8211; s\u0105 tworzone na indywidualne zam\u00f3wienia, i mo\u017cecie mie\u0107 pewno\u015b\u0107, \u017ce dw\u00f3ch identycznych przedmiot\u00f3w nie znajdziecie nigdzie indziej. W mojej pracowni ka\u017cda rzecz jest starannie dopieszczana, cz\u0119sto z dedykacjami i \u017cyczeniami dla os\u00f3b wyj\u0105tkowych.<\/p>\n\n\n\n<p>Zapraszam po &#8222;magiczne&#8221; przedmioty stworzone z pasji i mi\u0142o\u015bci do r\u0119kodzie\u0142a. Szukasz wyj\u0105tkowego prezentu? Masz w g\u0142owie co\u015b, co chcia\u0142by\u015b podarowa\u0107 komu\u015b bliskiemu? Zapraszam do mnie &#8211; razem stworzymy co\u015b, czego nie znajdziesz w \u017cadnym sklepie. Je\u015bli masz pomys\u0142, ale nie wiesz, jak go przenie\u015b\u0107 na drewno lub szk\u0142o, postaram si\u0119 pom\u00f3c i wsp\u00f3lnie stworzymy co\u015b niepowtarzalnego.<\/p>\n\n\n\n<p>Je\u015bli szukasz prezentu na wesele, urodziny, imieniny, rocznic\u0119 \u015blubu, mo\u017ce kole\u017canka z pracy odchodzi na emerytur\u0119, a mo\u017ce po prostu chcesz obdarowa\u0107 kogo\u015b wyj\u0105tkowego &#8211; trafi\u0142e\u015b idealnie. Tutaj znajdziesz prezenty, upominki, podarunki jedyne i niepowtarzalne.<\/p>\n\n\n\n<p>A mo\u017ce w\u0142a\u015bnie kupi\u0142e\u015b mieszkanie lub twoja firma od\u015bwie\u017cy\u0142a sw\u00f3j wygl\u0105d, i potrzebujesz niebanalnych dodatk\u00f3w do swojego mieszkania lub biura? Potrzebujesz naturalnych drewnianych dodatk\u00f3w lub niebanalnych szklanych dekoracji? Trafi\u0142e\u015b w odpowiednie miejsce.<\/p>\n\n\n\n<p>Zapraszam do galerii, aby zapozna\u0107 si\u0119 z moimi pracami, oraz na m\u00f3j blog, na kt\u00f3rym staram si\u0119 pokaza\u0107, jak wygl\u0105da moja pasja.<\/p>\n","protected":false},"excerpt":{"rendered":"<p>R\u0119kodzie\u0142o czyli mi\u0142o\u015b\u0107 do przedmiot\u00f3w stworzonych z pasji. Tworzenie z drewna i szk\u0142a to dla mnie nie tylko praca, ale prawdziwa pasja, kt\u00f3ra bije mocno w moim sercu. Nie potrafi\u0119 bowiem siedzie\u0107 bezczynnie z za\u0142o\u017conymi r\u0119koma, a moja przygoda z r\u0119kodzie\u0142em rozpocz\u0119\u0142a si\u0119 w\u0142a\u015bnie w chwili, gdy utraci\u0142am swoj\u0105 dotychczasow\u0105&#8230; <a class=\"continue-reading-link\" href=\"https:\/\/mag-art.pl\/index.php\/o-mnie\/\">Czytaj Dalej <span class=\"meta-nav\">&rarr; <\/span><\/a><\/p>\n","protected":false},"author":2,"featured_media":0,"parent":0,"menu_order":0,"comment_status":"closed","ping_status":"closed","template":"","meta":{"footnotes":""},"class_list":["post-37","page","type-page","status-publish","hentry"],"_links":{"self":[{"href":"https:\/\/mag-art.pl\/index.php\/wp-json\/wp\/v2\/pages\/37","targetHints":{"allow":["GET"]}}],"collection":[{"href":"https:\/\/mag-art.pl\/index.php\/wp-json\/wp\/v2\/pages"}],"about":[{"href":"https:\/\/mag-art.pl\/index.php\/wp-json\/wp\/v2\/types\/page"}],"author":[{"embeddable":true,"href":"https:\/\/mag-art.pl\/index.php\/wp-json\/wp\/v2\/users\/2"}],"replies":[{"embeddable":true,"href":"https:\/\/mag-art.pl\/index.php\/wp-json\/wp\/v2\/comments?post=37"}],"version-history":[{"count":18,"href":"https:\/\/mag-art.pl\/index.php\/wp-json\/wp\/v2\/pages\/37\/revisions"}],"predecessor-version":[{"id":1133,"href":"https:\/\/mag-art.pl\/index.php\/wp-json\/wp\/v2\/pages\/37\/revisions\/1133"}],"wp:attachment":[{"href":"https:\/\/mag-art.pl\/index.php\/wp-json\/wp\/v2\/media?parent=37"}],"curies":[{"name":"wp","href":"https:\/\/api.w.org\/{rel}","templated":true}]}}