{"id":160,"date":"2019-10-08T07:59:19","date_gmt":"2019-10-08T07:59:19","guid":{"rendered":"http:\/\/test.mag-art.pl\/?page_id=160"},"modified":"2024-05-08T13:51:09","modified_gmt":"2024-05-08T11:51:09","slug":"cennik","status":"publish","type":"page","link":"https:\/\/mag-art.pl\/index.php\/cennik\/","title":{"rendered":"Cennik"},"content":{"rendered":"\n<p class=\"has-text-align-left\">Ka\u017cdy przedmiot, kt\u00f3ry wykonuj\u0119, jest unikalny i wymaga indywidualnej wyceny. Cena zale\u017cy od rodzaju przedmiotu, wzoru oraz u\u017cytych materia\u0142\u00f3w. Aby uzyska\u0107 dok\u0142adn\u0105 wycen\u0119, zach\u0119cam do bezpo\u015bredniego kontaktu ze mn\u0105. W ten spos\u00f3b b\u0119d\u0119 w stanie dok\u0142adnie oszacowa\u0107 koszt wykonania Twojego wymarzonego projektu. Zawsze staram si\u0119 ustali\u0107 korzystne ceny, kt\u00f3re b\u0119d\u0105 adekwatne do jako\u015bci i czasu po\u015bwi\u0119conego na wykonanie przedmiotu. Zapewniam, \u017ce koszty b\u0119d\u0105 jasno przedstawione i uzgodnione przed rozpocz\u0119ciem pracy.<\/p>\n\n\n\n<h2 class=\"wp-block-heading\"><em>Pirografia &#8211; wypalanie w drewnie<\/em><\/h2>\n\n\n\n<p><strong><em>Wypalane wzory na drewnianych kr\u0105\u017ckach<\/em><\/strong> <em> (wymiary podane w przybli\u017ceniu)<\/em><\/p>\n\n\n\n<ul class=\"wp-block-list\">\n<li>plasterki mini \u00d8 10 &#8211; 12 cm  cena od 35z\u0142 <\/li>\n\n\n\n<li>\u00d8 13 &#8211; 20 cm cena od 100 z\u0142<\/li>\n\n\n\n<li>\u00d8 21 &#8211; 25 cm cena od 200 z\u0142<\/li>\n\n\n\n<li>\u00d8 26 &#8211; 30 cm cena od 350 <\/li>\n\n\n\n<li>\u00d8 31 &#8211; 40 cm  cena od 500<\/li>\n\n\n\n<li>powy\u017cej 40 cm cena od 800 z\u0142<\/li>\n<\/ul>\n\n\n\n<p><em><strong>Wypalane wzory na deskach<\/strong><\/em>  <em> (wymiary podane w przybli\u017ceniu)<\/em> <\/p>\n\n\n\n<ul class=\"wp-block-list\">\n<li>Format oko\u0142o A5 (148&#215;210 mm)   cena od 220 z\u0142<\/li>\n\n\n\n<li>Format oko\u0142o A4 (210x297mm)  cena od 450 z\u0142<\/li>\n\n\n\n<li>Format oko\u0142o A3 (297x420mm) cena od 800 z\u0142<\/li>\n\n\n\n<li>Format oko\u0142o A2 (420&#215;594)  cena od 1500 z\u0142<\/li>\n<\/ul>\n\n\n\n<p><em><strong>Pude\u0142ka, szkatu\u0142ki i inne drewniane dodatki<\/strong><\/em>  <em> (wymiary podane w przybli\u017ceniu)<\/em> <\/p>\n\n\n\n<ul class=\"wp-block-list\">\n<li>Zak\u0142adki, breloczki, podstawki pod kubek itp. cena od 30 z\u0142<\/li>\n\n\n\n<li>Format mniejsze od A5 cena od 150 z\u0142<\/li>\n\n\n\n<li>Format oko\u0142o A5 cena od 200 z\u0142<\/li>\n\n\n\n<li>Format oko\u0142o A4  cena od 250 z\u0142<\/li>\n\n\n\n<li>Format oko\u0142o A3 cena od 500 z\u0142<\/li>\n<\/ul>\n\n\n\n<h2 class=\"wp-block-heading\"><em>Grawerowanie szk\u0142a<\/em><\/h2>\n\n\n\n<p><strong><em>Grawerowane obrazy i obrazk<\/em>i w rozm<em>iarze:<\/em><\/strong>   <em> (wymiary podane w przybli\u017ceniu)<\/em> <\/p>\n\n\n\n<ul class=\"wp-block-list\">\n<li>B7 lub 3R 9&#215;13 cm cena od 50 z\u0142<\/li>\n\n\n\n<li>A6 lub 4R 10&#215;15 cm  cena od 100 z\u0142<\/li>\n\n\n\n<li>B6 lub 5R 13&#215;18 cm cena od 120 z\u0142<\/li>\n\n\n\n<li>A5 lub 6R 15&#215;20 do 23 cm cena od 130 z\u0142<\/li>\n\n\n\n<li>B5             18&#215;24 cm  cena od 150 z\u0142<\/li>\n\n\n\n<li>A4   wym. 20&#215;30 cm  cena od 180 z\u0142<br>                 21&#215;30 cm<br>                 21&#215;29,7 cm<\/li>\n\n\n\n<li>wymiar     30&#215;40 cm cena od 220 z\u0142<\/li>\n\n\n\n<li>A3             30&#215;45 cm cena od 300 z\u0142<\/li>\n<\/ul>\n\n\n\n<p><strong><em>Szklanki \/ kubki \/ kufle<\/em><\/strong> <em> (wymiary podane w przybli\u017ceniu dotycz\u0105 tylko procesu grawerowania)<\/em><\/p>\n\n\n\n<ul class=\"wp-block-list\">\n<li>pojemno\u015b\u0107 oko\u0142o 150-200 ml cena od 30 z\u0142\/szt.<\/li>\n\n\n\n<li>pojemno\u015b\u0107 oko\u0142o 200-300 ml cena od 60z\u0142\/szt.<\/li>\n\n\n\n<li>pojemno\u015b\u0107 oko\u0142o 300-400 ml cena od 80 z\u0142\/szt.<\/li>\n\n\n\n<li>pojemno\u015b\u0107 oko\u0142o 400-500ml cena od 100 z\u0142\/szt.<\/li>\n\n\n\n<li>pojemno\u015b\u0107 &lt;500 ml cena od 150 z\u0142\/szt.<\/li>\n<\/ul>\n\n\n\n<p>*<em>do ceny nale\u017cy doliczy\u0107 koszt szk\u0142a na kt\u00f3rym wykonywany jest grawer lub dostarczy\u0107 szk\u0142o<\/em><\/p>\n\n\n\n<p><strong><em>Kieliszki \/ lampki do wina \/ szampana<\/em><\/strong> <em> <em>(wymiary podane w przybli\u017ceniu dotycz\u0105 tylko procesu grawerowania)<\/em><\/em><\/p>\n\n\n\n<ul class=\"wp-block-list\">\n<li>ma\u0142e kieliszki (do w\u00f3dki\/likieru) 50ml cena od 20z\u0142\/szt.<\/li>\n\n\n\n<li>kieliszki na stopce ma\u0142e &lt;200ml cena od 30 z\u0142\/szt.<\/li>\n\n\n\n<li>kieliszki na stopce \u015brednie oko\u0142o 300-400 ml cena od 80 z\u0142\/szt.<\/li>\n\n\n\n<li>kieliszki na stopce du\u017ce oko\u0142o 500 ml cena od 100 z\u0142\/szt.<\/li>\n\n\n\n<li>kieliszki extra du\u017ce powy\u017cej 500ml cena od 200z\u0142\/szt.<\/li>\n<\/ul>\n\n\n\n<p>*<em>do ceny nale\u017cy doliczy\u0107 koszt szk\u0142a na kt\u00f3rym wykonywany jest grawer lub dostarczy\u0107 szk\u0142o<\/em><\/p>\n\n\n\n<p><em><strong>Wazony, dzbanki, karafki, misy i inne szk\u0142o<\/strong><\/em> <em> <em><em>(wymiary podane w przybli\u017ceniu dotycz\u0105 tylko procesu grawerowania)<\/em><\/em><\/em><\/p>\n\n\n\n<ul class=\"wp-block-list\">\n<li>Ma\u0142e o pojemno\u015bci do 500 ml  cena od 80 z\u0142<\/li>\n\n\n\n<li>\u015arednie o pojemno\u015bci do 1000ml  cena od 150 z\u0142<\/li>\n\n\n\n<li>Du\u017ce o pojemno\u015bci do 2000 ml cena od 250 z\u0142<\/li>\n\n\n\n<li>Inne szk\u0142o wyceniane indywidualnie w zale\u017cno\u015bci od kszta\u0142tu i rodzaju wzoru cena od 350 z\u0142<\/li>\n<\/ul>\n\n\n\n<p>*<em>do ceny nale\u017cy doliczy\u0107 koszt szk\u0142a na kt\u00f3rym wykonywany jest grawer lub dostarczy\u0107 szk\u0142o<\/em><\/p>\n\n\n\n<p><strong><em>Standardowy czas realizacji zam\u00f3wie\u0144 wynosi od 14 do 50 dni roboczych. W przypadku wi\u0119kszej ilo\u015bci zam\u00f3wie\u0144, czas realizacji mo\u017ce ulec wyd\u0142u\u017ceniu, jednak klient zostanie o tym wcze\u015bniej poinformowany podczas sk\u0142adania zam\u00f3wienia.<\/em><\/strong> W sytuacjach, gdy konieczne jest wykonanie zam\u00f3wienia w przyspieszonym terminie, istnieje mo\u017cliwo\u015b\u0107 zastosowania dodatkowej op\u0142aty za priorytetowe wykonanie zam\u00f3wienia. Ostateczna cena zostanie ustalona z klientem przed rozpocz\u0119ciem prac. Zapewniam, \u017ce zawsze d\u0105\u017c\u0119 do jak najszybszego i najbardziej terminowego wykonania zam\u00f3wienia.<\/p>\n","protected":false},"excerpt":{"rendered":"<p>Ka\u017cdy przedmiot, kt\u00f3ry wykonuj\u0119, jest unikalny i wymaga indywidualnej wyceny. Cena zale\u017cy od rodzaju przedmiotu, wzoru oraz u\u017cytych materia\u0142\u00f3w. Aby uzyska\u0107 dok\u0142adn\u0105 wycen\u0119, zach\u0119cam do bezpo\u015bredniego kontaktu ze mn\u0105. W ten spos\u00f3b b\u0119d\u0119 w stanie dok\u0142adnie oszacowa\u0107 koszt wykonania Twojego wymarzonego projektu. Zawsze staram si\u0119 ustali\u0107 korzystne ceny, kt\u00f3re b\u0119d\u0105&#8230; <a class=\"continue-reading-link\" href=\"https:\/\/mag-art.pl\/index.php\/cennik\/\">Czytaj Dalej <span class=\"meta-nav\">&rarr; <\/span><\/a><\/p>\n","protected":false},"author":2,"featured_media":0,"parent":0,"menu_order":0,"comment_status":"closed","ping_status":"closed","template":"","meta":{"footnotes":""},"class_list":["post-160","page","type-page","status-publish","hentry"],"_links":{"self":[{"href":"https:\/\/mag-art.pl\/index.php\/wp-json\/wp\/v2\/pages\/160","targetHints":{"allow":["GET"]}}],"collection":[{"href":"https:\/\/mag-art.pl\/index.php\/wp-json\/wp\/v2\/pages"}],"about":[{"href":"https:\/\/mag-art.pl\/index.php\/wp-json\/wp\/v2\/types\/page"}],"author":[{"embeddable":true,"href":"https:\/\/mag-art.pl\/index.php\/wp-json\/wp\/v2\/users\/2"}],"replies":[{"embeddable":true,"href":"https:\/\/mag-art.pl\/index.php\/wp-json\/wp\/v2\/comments?post=160"}],"version-history":[{"count":34,"href":"https:\/\/mag-art.pl\/index.php\/wp-json\/wp\/v2\/pages\/160\/revisions"}],"predecessor-version":[{"id":1136,"href":"https:\/\/mag-art.pl\/index.php\/wp-json\/wp\/v2\/pages\/160\/revisions\/1136"}],"wp:attachment":[{"href":"https:\/\/mag-art.pl\/index.php\/wp-json\/wp\/v2\/media?parent=160"}],"curies":[{"name":"wp","href":"https:\/\/api.w.org\/{rel}","templated":true}]}}